{"id":1875,"date":"2021-12-21T13:33:13","date_gmt":"2021-12-21T13:33:13","guid":{"rendered":"https:\/\/livingyayinlari.com\/web\/?post_type=product&#038;p=1875"},"modified":"2026-03-26T12:58:21","modified_gmt":"2026-03-26T12:58:21","slug":"living-resimli-ingilizce-sozluk","status":"publish","type":"product","link":"https:\/\/livingyayinlari.com\/web\/?product=living-resimli-ingilizce-sozluk","title":{"rendered":"Living Resimli \u0130ngilizce S\u00f6zl\u00fck"},"content":{"rendered":"","protected":false},"excerpt":{"rendered":"","protected":false},"featured_media":1884,"template":"","meta":[],"product_brand":[],"product_cat":[15,144],"product_tag":[],"class_list":{"0":"post-1875","1":"product","2":"type-product","3":"status-publish","4":"has-post-thumbnail","6":"product_cat-genel","7":"product_cat-sozlukler","9":"first","10":"instock","11":"shipping-taxable","12":"purchasable","13":"product-type-simple"},"_links":{"self":[{"href":"https:\/\/livingyayinlari.com\/web\/index.php?rest_route=\/wp\/v2\/product\/1875","targetHints":{"allow":["GET"]}}],"collection":[{"href":"https:\/\/livingyayinlari.com\/web\/index.php?rest_route=\/wp\/v2\/product"}],"about":[{"href":"https:\/\/livingyayinlari.com\/web\/index.php?rest_route=\/wp\/v2\/types\/product"}],"wp:featuredmedia":[{"embeddable":true,"href":"https:\/\/livingyayinlari.com\/web\/index.php?rest_route=\/wp\/v2\/media\/1884"}],"wp:attachment":[{"href":"https:\/\/livingyayinlari.com\/web\/index.php?rest_route=%2Fwp%2Fv2%2Fmedia&parent=1875"}],"wp:term":[{"taxonomy":"product_brand","embeddable":true,"href":"https:\/\/livingyayinlari.com\/web\/index.php?rest_route=%2Fwp%2Fv2%2Fproduct_brand&post=1875"},{"taxonomy":"product_cat","embeddable":true,"href":"https:\/\/livingyayinlari.com\/web\/index.php?rest_route=%2Fwp%2Fv2%2Fproduct_cat&post=1875"},{"taxonomy":"product_tag","embeddable":true,"href":"https:\/\/livingyayinlari.com\/web\/index.php?rest_route=%2Fwp%2Fv2%2Fproduct_tag&post=1875"}],"curies":[{"name":"wp","href":"https:\/\/api.w.org\/{rel}","templated":true}]}}