{"id":1841,"date":"2021-12-20T15:25:31","date_gmt":"2021-12-20T15:25:31","guid":{"rendered":"https:\/\/livingyayinlari.com\/web\/?post_type=product&#038;p=1841"},"modified":"2026-03-26T12:58:21","modified_gmt":"2026-03-26T12:58:21","slug":"timeless-tales-stage-2","status":"publish","type":"product","link":"https:\/\/livingyayinlari.com\/web\/?product=timeless-tales-stage-2","title":{"rendered":"Timeless Tales &#8211; Stage 2"},"content":{"rendered":"<p>Birbirinden g\u00fczel, birbirinden heyecanl\u0131 peri masallar\u0131n\u0131n yer ald\u0131\u011f\u0131 Timeless Tales, g\u00fcncel m\u00fcfredata g\u00f6re sadele\u015ftirilmi\u015f ve \u00f6\u011frenmeyi e\u011flenceli k\u0131lan bir formatta haz\u0131rlanm\u0131\u015ft\u0131r. Toplam 5 Stage\u2019den ve her biri 8 kitaptan olu\u015fan Timeless Tales \u00e7ocuklara b\u00fcy\u00fcl\u00fc bir d\u00fcnyan\u0131n kap\u0131lar\u0131n\u0131 a\u00e7\u0131yor.<\/p>\n","protected":false},"excerpt":{"rendered":"<p>Birbirinden g\u00fczel, birbirinden heyecanl\u0131 peri masallar\u0131n\u0131n yer ald\u0131\u011f\u0131 Timeless Tales, g\u00fcncel m\u00fcfredata g\u00f6re sadele\u015ftirilmi\u015f ve \u00f6\u011frenmeyi e\u011flenceli k\u0131lan bir formatta haz\u0131rlanm\u0131\u015ft\u0131r. Toplam 5 Stage\u2019den ve her biri 8 kitaptan olu\u015fan Timeless Tales \u00e7ocuklara b\u00fcy\u00fcl\u00fc bir d\u00fcnyan\u0131n kap\u0131lar\u0131n\u0131 a\u00e7\u0131yor.<\/p>\n","protected":false},"featured_media":1842,"template":"","meta":[],"product_brand":[],"product_cat":[140],"product_tag":[],"class_list":{"0":"post-1841","1":"product","2":"type-product","3":"status-publish","4":"has-post-thumbnail","6":"product_cat-hikayeler","8":"first","9":"instock","10":"shipping-taxable","11":"purchasable","12":"product-type-simple"},"_links":{"self":[{"href":"https:\/\/livingyayinlari.com\/web\/index.php?rest_route=\/wp\/v2\/product\/1841","targetHints":{"allow":["GET"]}}],"collection":[{"href":"https:\/\/livingyayinlari.com\/web\/index.php?rest_route=\/wp\/v2\/product"}],"about":[{"href":"https:\/\/livingyayinlari.com\/web\/index.php?rest_route=\/wp\/v2\/types\/product"}],"wp:featuredmedia":[{"embeddable":true,"href":"https:\/\/livingyayinlari.com\/web\/index.php?rest_route=\/wp\/v2\/media\/1842"}],"wp:attachment":[{"href":"https:\/\/livingyayinlari.com\/web\/index.php?rest_route=%2Fwp%2Fv2%2Fmedia&parent=1841"}],"wp:term":[{"taxonomy":"product_brand","embeddable":true,"href":"https:\/\/livingyayinlari.com\/web\/index.php?rest_route=%2Fwp%2Fv2%2Fproduct_brand&post=1841"},{"taxonomy":"product_cat","embeddable":true,"href":"https:\/\/livingyayinlari.com\/web\/index.php?rest_route=%2Fwp%2Fv2%2Fproduct_cat&post=1841"},{"taxonomy":"product_tag","embeddable":true,"href":"https:\/\/livingyayinlari.com\/web\/index.php?rest_route=%2Fwp%2Fv2%2Fproduct_tag&post=1841"}],"curies":[{"name":"wp","href":"https:\/\/api.w.org\/{rel}","templated":true}]}}