{"id":1836,"date":"2021-12-20T15:19:17","date_gmt":"2021-12-20T15:19:17","guid":{"rendered":"https:\/\/livingyayinlari.com\/web\/?post_type=product&#038;p=1836"},"modified":"2026-03-26T12:58:21","modified_gmt":"2026-03-26T12:58:21","slug":"english-with-fun-4","status":"publish","type":"product","link":"https:\/\/livingyayinlari.com\/web\/?product=english-with-fun-4","title":{"rendered":"English With Fun &#8211; Elementary Level 4"},"content":{"rendered":"<p>Dear Bookworms!<br \/>\nThese stories are for you. It\u2019s time to enjoy and learn a lot of different things. Lots of new characters and amazing adventures are waiting for you. Don\u2019t forget to do the activities of each book after you finish reading. They help you improve your reading comprehension. Reading is freedom! Let\u2019s go to the dream world together and have fun! Hik\u00e2yelerin ses dosyalar\u0131na, hikayelerin \u00fczerinde bulunan QR Codu telefonunuzdan okutarak ula\u015fabilirsiniz!<\/p>\n","protected":false},"excerpt":{"rendered":"<p>Dear Bookworms! These stories are for you. It\u2019s time to enjoy and learn a lot of different things. Lots of new characters and amazing adventures are waiting for you. Don\u2019t forget to do the activities of each book after you finish reading. They help you improve your reading comprehension. Reading is freedom! Let\u2019s go to [&hellip;]<\/p>\n","protected":false},"featured_media":1837,"template":"","meta":[],"product_brand":[],"product_cat":[140],"product_tag":[],"class_list":{"0":"post-1836","1":"product","2":"type-product","3":"status-publish","4":"has-post-thumbnail","6":"product_cat-hikayeler","8":"first","9":"instock","10":"shipping-taxable","11":"purchasable","12":"product-type-simple"},"_links":{"self":[{"href":"https:\/\/livingyayinlari.com\/web\/index.php?rest_route=\/wp\/v2\/product\/1836","targetHints":{"allow":["GET"]}}],"collection":[{"href":"https:\/\/livingyayinlari.com\/web\/index.php?rest_route=\/wp\/v2\/product"}],"about":[{"href":"https:\/\/livingyayinlari.com\/web\/index.php?rest_route=\/wp\/v2\/types\/product"}],"wp:featuredmedia":[{"embeddable":true,"href":"https:\/\/livingyayinlari.com\/web\/index.php?rest_route=\/wp\/v2\/media\/1837"}],"wp:attachment":[{"href":"https:\/\/livingyayinlari.com\/web\/index.php?rest_route=%2Fwp%2Fv2%2Fmedia&parent=1836"}],"wp:term":[{"taxonomy":"product_brand","embeddable":true,"href":"https:\/\/livingyayinlari.com\/web\/index.php?rest_route=%2Fwp%2Fv2%2Fproduct_brand&post=1836"},{"taxonomy":"product_cat","embeddable":true,"href":"https:\/\/livingyayinlari.com\/web\/index.php?rest_route=%2Fwp%2Fv2%2Fproduct_cat&post=1836"},{"taxonomy":"product_tag","embeddable":true,"href":"https:\/\/livingyayinlari.com\/web\/index.php?rest_route=%2Fwp%2Fv2%2Fproduct_tag&post=1836"}],"curies":[{"name":"wp","href":"https:\/\/api.w.org\/{rel}","templated":true}]}}