{"id":1832,"date":"2021-12-20T15:13:23","date_gmt":"2021-12-20T15:13:23","guid":{"rendered":"https:\/\/livingyayinlari.com\/web\/?post_type=product&#038;p=1832"},"modified":"2026-03-26T12:58:21","modified_gmt":"2026-03-26T12:58:21","slug":"english-with-fun-2","status":"publish","type":"product","link":"https:\/\/livingyayinlari.com\/web\/?product=english-with-fun-2","title":{"rendered":"English With Fun &#8211; Beginner Level 2"},"content":{"rendered":"<p>Welcome to the secret and magical life of animals! When you read each story, you will learn new words and have fun. You see some \u201cCreative Reading Questions\u201d when you read the stories. They help you understand the stories better and improve your creative reading ability. Have a great journey! Hik\u00e2yelerin ses dosyalar\u0131na, hikayelerin \u00fczerinde bulunan QR Codu telefonunuzdan okutarak ula\u015fabilirsiniz!<\/p>\n","protected":false},"excerpt":{"rendered":"<p>Welcome to the secret and magical life of animals! When you read each story, you will learn new words and have fun. You see some \u201cCreative Reading Questions\u201d when you read the stories. They help you understand the stories better and improve your creative reading ability. Have a great journey! Hik\u00e2yelerin ses dosyalar\u0131na, hikayelerin \u00fczerinde [&hellip;]<\/p>\n","protected":false},"featured_media":1833,"template":"","meta":[],"product_brand":[],"product_cat":[140],"product_tag":[],"class_list":{"0":"post-1832","1":"product","2":"type-product","3":"status-publish","4":"has-post-thumbnail","6":"product_cat-hikayeler","8":"first","9":"instock","10":"shipping-taxable","11":"purchasable","12":"product-type-simple"},"_links":{"self":[{"href":"https:\/\/livingyayinlari.com\/web\/index.php?rest_route=\/wp\/v2\/product\/1832","targetHints":{"allow":["GET"]}}],"collection":[{"href":"https:\/\/livingyayinlari.com\/web\/index.php?rest_route=\/wp\/v2\/product"}],"about":[{"href":"https:\/\/livingyayinlari.com\/web\/index.php?rest_route=\/wp\/v2\/types\/product"}],"wp:featuredmedia":[{"embeddable":true,"href":"https:\/\/livingyayinlari.com\/web\/index.php?rest_route=\/wp\/v2\/media\/1833"}],"wp:attachment":[{"href":"https:\/\/livingyayinlari.com\/web\/index.php?rest_route=%2Fwp%2Fv2%2Fmedia&parent=1832"}],"wp:term":[{"taxonomy":"product_brand","embeddable":true,"href":"https:\/\/livingyayinlari.com\/web\/index.php?rest_route=%2Fwp%2Fv2%2Fproduct_brand&post=1832"},{"taxonomy":"product_cat","embeddable":true,"href":"https:\/\/livingyayinlari.com\/web\/index.php?rest_route=%2Fwp%2Fv2%2Fproduct_cat&post=1832"},{"taxonomy":"product_tag","embeddable":true,"href":"https:\/\/livingyayinlari.com\/web\/index.php?rest_route=%2Fwp%2Fv2%2Fproduct_tag&post=1832"}],"curies":[{"name":"wp","href":"https:\/\/api.w.org\/{rel}","templated":true}]}}