{"id":1829,"date":"2021-12-20T15:04:30","date_gmt":"2021-12-20T15:04:30","guid":{"rendered":"https:\/\/livingyayinlari.com\/web\/?post_type=product&#038;p=1829"},"modified":"2026-03-26T12:58:21","modified_gmt":"2026-03-26T12:58:21","slug":"fun-time-stories-3","status":"publish","type":"product","link":"https:\/\/livingyayinlari.com\/web\/?product=fun-time-stories-3","title":{"rendered":"Fun Time Stories &#8211; Level 3"},"content":{"rendered":"<p>Fun Time Stories, hedeflenen kelimeleri hik\u00e2yenin i\u00e7inde vererek \u00f6\u011frenmeyi kolayla\u015ft\u0131ran bir formatta ve g\u00fcncel m\u00fcfredata uygun bir \u015fekilde haz\u0131rlanm\u0131\u015ft\u0131r. 1-2-3 Level\u2019dan ve her biri 10 kitaptan olu\u015fan Fun Time Stories serisi ile \u00e7ocuklar okurken \u00f6\u011frenmenin tad\u0131n\u0131 \u00e7\u0131karacaklar. Hik\u00e2yelerin ses dosyalar\u0131na, hikayelerin \u00fczerinde bulunan QR Codu telefonunuzdan okutarak ula\u015fabilirsiniz!<\/p>\n","protected":false},"excerpt":{"rendered":"<p>Fun Time Stories, hedeflenen kelimeleri hik\u00e2yenin i\u00e7inde vererek \u00f6\u011frenmeyi kolayla\u015ft\u0131ran bir formatta ve g\u00fcncel m\u00fcfredata uygun bir \u015fekilde haz\u0131rlanm\u0131\u015ft\u0131r. 1-2-3 Level\u2019dan ve her biri 10 kitaptan olu\u015fan Fun Time Stories serisi ile \u00e7ocuklar okurken \u00f6\u011frenmenin tad\u0131n\u0131 \u00e7\u0131karacaklar. Hik\u00e2yelerin ses dosyalar\u0131na, hikayelerin \u00fczerinde bulunan QR Codu telefonunuzdan okutarak ula\u015fabilirsiniz!<\/p>\n","protected":false},"featured_media":1827,"template":"","meta":[],"product_brand":[],"product_cat":[140],"product_tag":[],"class_list":{"0":"post-1829","1":"product","2":"type-product","3":"status-publish","4":"has-post-thumbnail","6":"product_cat-hikayeler","8":"first","9":"instock","10":"shipping-taxable","11":"purchasable","12":"product-type-simple"},"_links":{"self":[{"href":"https:\/\/livingyayinlari.com\/web\/index.php?rest_route=\/wp\/v2\/product\/1829","targetHints":{"allow":["GET"]}}],"collection":[{"href":"https:\/\/livingyayinlari.com\/web\/index.php?rest_route=\/wp\/v2\/product"}],"about":[{"href":"https:\/\/livingyayinlari.com\/web\/index.php?rest_route=\/wp\/v2\/types\/product"}],"wp:featuredmedia":[{"embeddable":true,"href":"https:\/\/livingyayinlari.com\/web\/index.php?rest_route=\/wp\/v2\/media\/1827"}],"wp:attachment":[{"href":"https:\/\/livingyayinlari.com\/web\/index.php?rest_route=%2Fwp%2Fv2%2Fmedia&parent=1829"}],"wp:term":[{"taxonomy":"product_brand","embeddable":true,"href":"https:\/\/livingyayinlari.com\/web\/index.php?rest_route=%2Fwp%2Fv2%2Fproduct_brand&post=1829"},{"taxonomy":"product_cat","embeddable":true,"href":"https:\/\/livingyayinlari.com\/web\/index.php?rest_route=%2Fwp%2Fv2%2Fproduct_cat&post=1829"},{"taxonomy":"product_tag","embeddable":true,"href":"https:\/\/livingyayinlari.com\/web\/index.php?rest_route=%2Fwp%2Fv2%2Fproduct_tag&post=1829"}],"curies":[{"name":"wp","href":"https:\/\/api.w.org\/{rel}","templated":true}]}}