{"id":1810,"date":"2021-12-20T14:33:59","date_gmt":"2021-12-20T14:33:59","guid":{"rendered":"https:\/\/livingyayinlari.com\/web\/?post_type=product&#038;p=1810"},"modified":"2023-12-30T11:33:05","modified_gmt":"2023-12-30T11:33:05","slug":"living-purple-ingilizce-turkce-turkce-ingilizce-sozluk","status":"publish","type":"product","link":"https:\/\/livingyayinlari.com\/web\/?product=living-purple-ingilizce-turkce-turkce-ingilizce-sozluk","title":{"rendered":"Living English Dictionary Purple"},"content":{"rendered":"<p>S\u00f6yleni\u015fleri ile birlikte 60.000\u2019den fazla \u0130ngilizce s\u00f6zc\u00fck Temel \u0130ngilizce dilbilgisi G\u00fcncel s\u00f6zc\u00fckler, anlat\u0131mlar ve bilimsel terimler Kolay anla\u015f\u0131lan, yal\u0131n ve \u00f6zl\u00fc a\u00e7\u0131klamalar S\u00f6zc\u00fcklerin kullan\u0131m\u0131na ili\u015fkin \u00e7ok say\u0131da \u00f6rnek t\u00fcmce<\/p>\n","protected":false},"excerpt":{"rendered":"<p>S\u00f6yleni\u015fleri ile birlikte 60.000\u2019den fazla \u0130ngilizce s\u00f6zc\u00fck Temel \u0130ngilizce dilbilgisi G\u00fcncel s\u00f6zc\u00fckler, anlat\u0131mlar ve bilimsel terimler Kolay anla\u015f\u0131lan, yal\u0131n ve \u00f6zl\u00fc a\u00e7\u0131klamalar S\u00f6zc\u00fcklerin kullan\u0131m\u0131na ili\u015fkin \u00e7ok say\u0131da \u00f6rnek t\u00fcmce<\/p>\n","protected":false},"featured_media":1811,"template":"","meta":[],"product_brand":[],"product_cat":[144],"product_tag":[],"class_list":{"0":"post-1810","1":"product","2":"type-product","3":"status-publish","4":"has-post-thumbnail","6":"product_cat-sozlukler","8":"first","9":"instock","10":"shipping-taxable","11":"purchasable","12":"product-type-simple"},"_links":{"self":[{"href":"https:\/\/livingyayinlari.com\/web\/index.php?rest_route=\/wp\/v2\/product\/1810","targetHints":{"allow":["GET"]}}],"collection":[{"href":"https:\/\/livingyayinlari.com\/web\/index.php?rest_route=\/wp\/v2\/product"}],"about":[{"href":"https:\/\/livingyayinlari.com\/web\/index.php?rest_route=\/wp\/v2\/types\/product"}],"wp:featuredmedia":[{"embeddable":true,"href":"https:\/\/livingyayinlari.com\/web\/index.php?rest_route=\/wp\/v2\/media\/1811"}],"wp:attachment":[{"href":"https:\/\/livingyayinlari.com\/web\/index.php?rest_route=%2Fwp%2Fv2%2Fmedia&parent=1810"}],"wp:term":[{"taxonomy":"product_brand","embeddable":true,"href":"https:\/\/livingyayinlari.com\/web\/index.php?rest_route=%2Fwp%2Fv2%2Fproduct_brand&post=1810"},{"taxonomy":"product_cat","embeddable":true,"href":"https:\/\/livingyayinlari.com\/web\/index.php?rest_route=%2Fwp%2Fv2%2Fproduct_cat&post=1810"},{"taxonomy":"product_tag","embeddable":true,"href":"https:\/\/livingyayinlari.com\/web\/index.php?rest_route=%2Fwp%2Fv2%2Fproduct_tag&post=1810"}],"curies":[{"name":"wp","href":"https:\/\/api.w.org\/{rel}","templated":true}]}}