{"id":23,"date":"2016-05-19T06:57:34","date_gmt":"2016-05-19T06:57:34","guid":{"rendered":"http:\/\/themes.g5plus.net\/pithree\/?page_id=23"},"modified":"2022-03-21T15:29:45","modified_gmt":"2022-03-21T15:29:45","slug":"about-company","status":"publish","type":"page","link":"https:\/\/livingyayinlari.com\/web\/?page_id=23","title":{"rendered":"Kurumsal"},"content":{"rendered":"<p>[vc_row layout=&#8221;container&#8221; equal_height=&#8221;yes&#8221; el_class=&#8221;mg-bottom-90 sm-mg-bottom-60&#8243;][vc_column width=&#8221;1\/2&#8243; el_class=&#8221;col-lg-6 col-md-12&#8243;][g5plus_heading title=&#8221;Living Yay\u0131nlar\u0131 Hakk\u0131nda&#8221; align=&#8221;text-left&#8221;][vc_column_text el_class=&#8221;mg-bottom-30 sm-mg-bottom-30&#8243;]<\/p>\n<div style=\"text-align: justify;\">\n<p>Living yay\u0131nlar\u0131 2011 Y\u0131l\u0131nda kurulmu\u015f 10 y\u0131ld\u0131r kesintisiz yay\u0131nc\u0131l\u0131k alan\u0131nda hizmet vermektedir. Atlas Grup Kitap Yay\u0131n Da\u011f\u0131t\u0131m \u015firket b\u00fcnyesinde 10 y\u0131l \u00f6nce kurulan ve piyasaya sundu\u011fu \u00fcr\u00fcn \u00e7e\u015fidiyle e\u011fitim-\u00f6\u011fretim alan\u0131nda her seviyeye uygun \u0130ngilizce-T\u00fcrk\u00e7e, T\u00fcrk\u00e7e \u0130ngilizce s\u00f6zl\u00fck \u00e7e\u015fitleri, \u0130lk, Orta, Lise d\u00fczeyi \u0130ngilizce yard\u0131mc\u0131 ders kaynak kitaplar\u0131 ve her seviyeye uygun \u0130ngilizce hik\u00e2ye kitap \u00e7e\u015fitleri ile se\u00e7kin yay\u0131nevleri seviyesindedir. T\u00fcrkiye\u2019nin 81 ilinde bir\u00e7ok sat\u0131\u015f noktas\u0131nda bulunmaktad\u0131r.<\/p>\n<p>Atlas Yay\u0131n Grubu, \u00e7al\u0131\u015fanlar\u0131yla birlikte s\u00fcrekli geli\u015fmeyi, evrensel kalite ve standartlarda \u00fcr\u00fcn ve hizmetler sunarak okurlar\u0131n\u0131 memnun etmeyi ama\u00e7lar. Bu s\u00fcre\u00e7te Atlas Yay\u0131n Grubu sizlerin en yak\u0131n yard\u0131mc\u0131s\u0131 olmak misyonu ile hareket etmektedir. Sonu\u00e7 odakl\u0131 bir \u00e7\u00f6z\u00fcm \u00fcretmek zorunda oldu\u011funu fark ederek, \u00f6z g\u00fcveni, \u00f6z sayg\u0131s\u0131, hak, adalet ve sorumluluk bilinci y\u00fcksek, gayretli, giri\u015fimci, yarat\u0131c\u0131, yenilik\u00e7i, bar\u0131\u015f\u00e7\u0131, sa\u011fl\u0131kl\u0131 ve mutlu bireylerin yeti\u015fmesine ortam ve imk\u00e2n sa\u011flamakt\u0131r. Kendisini yay\u0131n sekt\u00f6r\u00fcnde ayr\u0131\u015ft\u0131ran \u00f6zg\u00fcn uygulamalar geli\u015ftirmi\u015ftir.<\/p>\n<p>Atlas Yay\u0131n Grubu \u00e7a\u011f\u0131n gerektirdi\u011fi t\u00fcm teknolojik donan\u0131ma sahip, deneyimli, alan\u0131nda uzman, ba\u015far\u0131ya odakl\u0131, dinamik, yarat\u0131c\u0131, \u00f6\u011freten, rehber \u00f6\u011fretmen ve uzmanlardan olu\u015fan e\u011fitim \u00f6\u011fretim kadrosuyla hizmet vermektedir. Yay\u0131nlar\u0131m\u0131z i\u00e7in de\u011fer yaratmak, beklentilere kar\u015f\u0131l\u0131k vermek, okurlar\u0131 memnun etmek ilk \u00f6nceli\u011fimizdir. Kalite, hizmet ve sat\u0131\u015fta en iyi olmak ve bu imaj\u0131 korumak ana hedefimizdir.<\/p><\/div>\n<p>[\/vc_column_text][\/vc_column][vc_column width=&#8221;1\/2&#8243; el_class=&#8221;col-lg-6 col-md-12&#8243;][vc_single_image image=&#8221;1852&#8243; img_size=&#8221;full&#8221; alignment=&#8221;center&#8221;][\/vc_column][\/vc_row][vc_row el_class=&#8221;pd-top-90 pd-bottom-90&#8243; css=&#8221;.vc_custom_1647876583875{background-image: url(https:\/\/livingyayinlari.com\/web\/wp-content\/uploads\/2022\/03\/bg_hakkimizda_dark.jpg?id=1879) !important;background-position: center !important;background-repeat: no-repeat !important;background-size: cover !important;}&#8221;][vc_column][vc_row_inner layout=&#8221;container&#8221;][vc_column_inner width=&#8221;1\/12&#8243;][vc_empty_space height=&#8221;1px&#8221;][\/vc_column_inner][vc_column_inner width=&#8221;5\/6&#8243; offset=&#8221;vc_col-lg-10&#8243;][g5plus_heading title=&#8221;Atlas Grup Da\u011f\u0131t\u0131m&#8221; sub_title=&#8221;E\u011fitimde y\u0131llard\u0131r s\u00f6z verdi\u011fimiz gibi ba\u015far\u0131l\u0131 gelecek nesillerin yeti\u015fmesi i\u00e7in \u00e7al\u0131\u015fmaya devam ediyoruz.&#8221; color_schema=&#8221;light&#8221; el_class=&#8221;mg-bottom-20&#8243;][\/vc_column_inner][vc_column_inner width=&#8221;1\/12&#8243;][vc_empty_space height=&#8221;1px&#8221;][\/vc_column_inner][\/vc_row_inner][\/vc_column][\/vc_row][vc_row layout=&#8221;container&#8221; el_class=&#8221;mg-top-60&#8243;][vc_column][g5plus_partner layout=&#8221;with-border&#8221; items=&#8221;6&#8243; is_slider=&#8221;yes&#8221; partners=&#8221;%5B%7B%22images%22%3A%221458%22%2C%22url%22%3A%22http%3A%2F%2Fyuvaokulyayinlari.com%2Fweb%2F%22%7D%2C%7B%22images%22%3A%221459%22%2C%22url%22%3A%22http%3A%2F%2Fpinokyoyayinlari.com%2Fweb%2F%22%7D%2C%7B%22images%22%3A%221460%22%2C%22url%22%3A%22http%3A%2F%2Fkuklacocukyayinlari.com%2Fweb%2F%22%7D%2C%7B%22images%22%3A%221461%22%2C%22url%22%3A%22http%3A%2F%2Flivingyayinlari.com%2Fweb%2F%22%7D%2C%7B%22images%22%3A%221462%22%2C%22url%22%3A%22http%3A%2F%2Ffaktoryayinlari.com%2Fweb%2F%22%7D%2C%7B%22images%22%3A%221463%22%2C%22url%22%3A%22http%3A%2F%2Fyuvayayinlari.com%2Fweb%2F%22%7D%5D&#8221;][\/vc_column][\/vc_row]<\/p>\n","protected":false},"excerpt":{"rendered":"<p>[vc_row layout=&#8221;container&#8221; equal_height=&#8221;yes&#8221; el_class=&#8221;mg-bottom-90 sm-mg-bottom-60&#8243;][vc_column width=&#8221;1\/2&#8243; el_class=&#8221;col-lg-6 col-md-12&#8243;][g5plus_heading title=&#8221;Living Yay\u0131nlar\u0131 Hakk\u0131nda&#8221; align=&#8221;text-left&#8221;][vc_column_text el_class=&#8221;mg-bottom-30 sm-mg-bottom-30&#8243;] Living yay\u0131nlar\u0131 2011 Y\u0131l\u0131nda kurulmu\u015f 10 y\u0131ld\u0131r kesintisiz yay\u0131nc\u0131l\u0131k alan\u0131nda hizmet vermektedir. Atlas Grup Kitap Yay\u0131n Da\u011f\u0131t\u0131m \u015firket b\u00fcnyesinde 10 y\u0131l \u00f6nce kurulan ve piyasaya sundu\u011fu \u00fcr\u00fcn \u00e7e\u015fidiyle e\u011fitim-\u00f6\u011fretim alan\u0131nda her seviyeye uygun \u0130ngilizce-T\u00fcrk\u00e7e, T\u00fcrk\u00e7e \u0130ngilizce s\u00f6zl\u00fck \u00e7e\u015fitleri, \u0130lk, Orta, Lise [&hellip;]<\/p>\n","protected":false},"author":1,"featured_media":0,"parent":0,"menu_order":0,"comment_status":"closed","ping_status":"closed","template":"","meta":{"footnotes":""},"class_list":["post-23","page","type-page","status-publish","hentry"],"_links":{"self":[{"href":"https:\/\/livingyayinlari.com\/web\/index.php?rest_route=\/wp\/v2\/pages\/23","targetHints":{"allow":["GET"]}}],"collection":[{"href":"https:\/\/livingyayinlari.com\/web\/index.php?rest_route=\/wp\/v2\/pages"}],"about":[{"href":"https:\/\/livingyayinlari.com\/web\/index.php?rest_route=\/wp\/v2\/types\/page"}],"author":[{"embeddable":true,"href":"https:\/\/livingyayinlari.com\/web\/index.php?rest_route=\/wp\/v2\/users\/1"}],"replies":[{"embeddable":true,"href":"https:\/\/livingyayinlari.com\/web\/index.php?rest_route=%2Fwp%2Fv2%2Fcomments&post=23"}],"version-history":[{"count":19,"href":"https:\/\/livingyayinlari.com\/web\/index.php?rest_route=\/wp\/v2\/pages\/23\/revisions"}],"predecessor-version":[{"id":1881,"href":"https:\/\/livingyayinlari.com\/web\/index.php?rest_route=\/wp\/v2\/pages\/23\/revisions\/1881"}],"wp:attachment":[{"href":"https:\/\/livingyayinlari.com\/web\/index.php?rest_route=%2Fwp%2Fv2%2Fmedia&parent=23"}],"curies":[{"name":"wp","href":"https:\/\/api.w.org\/{rel}","templated":true}]}}